{"id":261,"date":"2020-07-12T10:26:16","date_gmt":"2020-07-12T10:26:16","guid":{"rendered":"https:\/\/syn-tech.pro\/?page_id=261"},"modified":"2023-05-29T18:38:58","modified_gmt":"2023-05-29T18:38:58","slug":"nos_outils","status":"publish","type":"page","link":"https:\/\/dev.syn-tech.pro\/?page_id=261","title":{"rendered":"Nos_Outils"},"content":{"rendered":"<p>[et_pb_section fb_built=\u00a0\u00bb1&Prime; admin_label=\u00a0\u00bbHeader\u00a0\u00bb _builder_version=\u00a0\u00bb4.15&Prime; use_background_color_gradient=\u00a0\u00bbon\u00a0\u00bb background_color_gradient_start=\u00a0\u00bbrgba(210,218,228,0.38)\u00a0\u00bb background_color_gradient_end=\u00a0\u00bb#ffffff\u00a0\u00bb background_color_gradient_direction=\u00a0\u00bb90deg\u00a0\u00bb background_color_gradient_start_position=\u00a0\u00bb45%\u00a0\u00bb background_color_gradient_end_position=\u00a0\u00bb45%\u00a0\u00bb custom_margin=\u00a0\u00bb||-155vw|||\u00a0\u00bb custom_padding=\u00a0\u00bb54px|0px|0|0px|false|false\u00a0\u00bb global_colors_info=\u00a0\u00bb{}\u00a0\u00bb][et_pb_row column_structure=\u00a0\u00bb1_2,1_2&Prime; _builder_version=\u00a0\u00bb4.15&Prime; max_width=\u00a0\u00bb1280px\u00a0\u00bb custom_padding=\u00a0\u00bb27px|0px|0|0px|false|false\u00a0\u00bb use_custom_width=\u00a0\u00bbon\u00a0\u00bb custom_width_px=\u00a0\u00bb1280px\u00a0\u00bb global_colors_info=\u00a0\u00bb{}\u00a0\u00bb][et_pb_column type=\u00a0\u00bb1_2&Prime; _builder_version=\u00a0\u00bb4.15&Prime; custom_padding=\u00a0\u00bb|||\u00a0\u00bb global_colors_info=\u00a0\u00bb{}\u00a0\u00bb custom_padding__hover=\u00a0\u00bb|||\u00a0\u00bb][et_pb_image src=\u00a0\u00bbhttps:\/\/syn-tech.pro\/wp-content\/uploads\/2020\/07\/decoupe-laser-4-3.jpg\u00a0\u00bb title_text=\u00a0\u00bbdecoupe laser 4 &#8211; 3&Prime; align_tablet=\u00a0\u00bbcenter\u00a0\u00bb align_phone=\u00a0\u00bbcenter\u00a0\u00bb align_last_edited=\u00a0\u00bbon|desktop\u00a0\u00bb _builder_version=\u00a0\u00bb4.15.1&Prime; max_width_tablet=\u00a0\u00bb400px\u00a0\u00bb max_width_phone=\u00a0\u00bb200px\u00a0\u00bb max_width_last_edited=\u00a0\u00bbon|phone\u00a0\u00bb module_alignment=\u00a0\u00bbleft\u00a0\u00bb custom_margin=\u00a0\u00bb||-14vw|\u00a0\u00bb custom_margin_tablet=\u00a0\u00bb||0vw|\u00a0\u00bb custom_margin_phone=\u00a0\u00bb\u00a0\u00bb custom_margin_last_edited=\u00a0\u00bbon|tablet\u00a0\u00bb animation_style=\u00a0\u00bbslide\u00a0\u00bb animation_direction=\u00a0\u00bbleft\u00a0\u00bb animation_intensity_slide=\u00a0\u00bb2%\u00a0\u00bb global_colors_info=\u00a0\u00bb{}\u00a0\u00bb][\/et_pb_image][\/et_pb_column][et_pb_column type=\u00a0\u00bb1_2&Prime; _builder_version=\u00a0\u00bb4.15&Prime; custom_padding=\u00a0\u00bb|||\u00a0\u00bb global_colors_info=\u00a0\u00bb{}\u00a0\u00bb custom_padding__hover=\u00a0\u00bb|||\u00a0\u00bb][et_pb_text _builder_version=\u00a0\u00bb4.15.1&Prime; text_font=\u00a0\u00bb||||||||\u00a0\u00bb header_font=\u00a0\u00bbMontserrat|300|||||||\u00a0\u00bb header_font_size=\u00a0\u00bb70px\u00a0\u00bb header_line_height=\u00a0\u00bb1.3em\u00a0\u00bb header_font_size_tablet=\u00a0\u00bb50px\u00a0\u00bb header_font_size_phone=\u00a0\u00bb40px\u00a0\u00bb header_font_size_last_edited=\u00a0\u00bbon|phone\u00a0\u00bb global_colors_info=\u00a0\u00bb{}\u00a0\u00bb]<\/p>\n<h1>Nos Outils<\/h1>\n<p>[\/et_pb_text][et_pb_text _builder_version=\u00a0\u00bb4.15.1&Prime; text_font=\u00a0\u00bb||||||||\u00a0\u00bb text_font_size=\u00a0\u00bb16px\u00a0\u00bb text_line_height=\u00a0\u00bb2.2em\u00a0\u00bb hover_enabled=\u00a0\u00bb0&Prime; global_colors_info=\u00a0\u00bb{}\u00a0\u00bb sticky_enabled=\u00a0\u00bb0&Prime;]<\/p>\n<p>D\u00e9couvrez nos outils innovants, con\u00e7us avec passion et cr\u00e9ativit\u00e9 pour r\u00e9pondre aux besoins des entrepreneurs d\u2019aujourd\u2019hui. Nous d\u00e9veloppons des solutions simples et robustes, pens\u00e9es pour faciliter votre travail et vous faire gagner un temps pr\u00e9cieux en toute s\u00e9curit\u00e9<\/p>\n<p>Notre exp\u00e9rience nous am\u00e8ne \u00e0 comprendre les d\u00e9fis auxquels vous \u00eates confront\u00e9s en tant qu\u2019entrepreneur et nous sommes d\u00e9termin\u00e9s \u00e0 vous offrir des outils qui simplifient votre quotidien. Notre approche repose sur le fruit d\u2019une r\u00e9flexion approfondie de vos besoins sp\u00e9cifiques<\/p>\n<p>La simplicit\u00e9 est au c\u0153ur de notre conception. Nous croyons que la puissance r\u00e9side dans la facilit\u00e9 d\u2019utilisation. Nos outils sont intuitifs et conviviaux, con\u00e7us pour que vous puissiez les prendre en main rapidement et les utiliser sans difficult\u00e9<\/p>\n<p>La robustesse est notre garantie. Nous comprenons que vous devez pouvoir compter sur des outils fiables et solides pour mener \u00e0 bien vos projets. C\u2019est pourquoi nous mettons un point d\u2019honneur \u00e0 d\u00e9velopper des solutions durables<\/p>\n<p>En choisissant nos outils, vous optez pour la simplicit\u00e9, la robustesse et la fiabilit\u00e9. Vous pouvez \u00eatre s\u00fbr de gagner du temps pr\u00e9cieux tout en b\u00e9n\u00e9ficiant d\u2019une tranquillit\u00e9 d\u2019esprit totale<\/p>\n<p>[\/et_pb_text][\/et_pb_column][\/et_pb_row][\/et_pb_section][et_pb_section fb_built=\u00a0\u00bb1&Prime; _builder_version=\u00a0\u00bb4.15&Prime; global_colors_info=\u00a0\u00bb{}\u00a0\u00bb custom_padding=\u00a0\u00bb||12px|||\u00a0\u00bb][et_pb_row _builder_version=\u00a0\u00bb4.15&Prime; global_colors_info=\u00a0\u00bb{}\u00a0\u00bb][et_pb_column type=\u00a0\u00bb4_4&Prime; _builder_version=\u00a0\u00bb4.15&Prime; custom_padding=\u00a0\u00bb|||\u00a0\u00bb global_colors_info=\u00a0\u00bb{}\u00a0\u00bb custom_padding__hover=\u00a0\u00bb|||\u00a0\u00bb][\/et_pb_column][\/et_pb_row][et_pb_row _builder_version=\u00a0\u00bb4.15&Prime; global_colors_info=\u00a0\u00bb{}\u00a0\u00bb][et_pb_column type=\u00a0\u00bb4_4&Prime; _builder_version=\u00a0\u00bb4.15&Prime; custom_padding=\u00a0\u00bb|||\u00a0\u00bb hover_enabled=\u00a0\u00bb0&Prime; global_colors_info=\u00a0\u00bb{}\u00a0\u00bb custom_padding__hover=\u00a0\u00bb|||\u00a0\u00bb sticky_enabled=\u00a0\u00bb0&Prime;][et_pb_text _builder_version=\u00a0\u00bb4.15.1&Prime; text_font=\u00a0\u00bb||||||||\u00a0\u00bb header_font=\u00a0\u00bb||||||||\u00a0\u00bb header_2_font=\u00a0\u00bbMontserrat|300|||||||\u00a0\u00bb header_2_font_size=\u00a0\u00bb42px\u00a0\u00bb header_2_line_height=\u00a0\u00bb1.5em\u00a0\u00bb header_4_font=\u00a0\u00bbMontserrat|500||on|||||\u00a0\u00bb header_4_text_color=\u00a0\u00bb#ef6f49&Prime; header_4_letter_spacing=\u00a0\u00bb3px\u00a0\u00bb max_width=\u00a0\u00bb1005px\u00a0\u00bb hover_enabled=\u00a0\u00bb0&Prime; header_2_font_size_tablet=\u00a0\u00bb32px\u00a0\u00bb header_2_font_size_phone=\u00a0\u00bb24px\u00a0\u00bb header_2_font_size_last_edited=\u00a0\u00bbon|phone\u00a0\u00bb locked=\u00a0\u00bboff\u00a0\u00bb global_colors_info=\u00a0\u00bb{}\u00a0\u00bb sticky_enabled=\u00a0\u00bb0&Prime;]<\/p>\n<h4>NOTRE IDEE DE DEPART<\/h4>\n<h2>Mettre une poign\u00e9e ou il n&rsquo;y en a pas<\/h2>\n<p>[\/et_pb_text][\/et_pb_column][\/et_pb_row][\/et_pb_section][et_pb_section fb_built=\u00a0\u00bb1&Prime; admin_label=\u00a0\u00bbCall to Action\u00a0\u00bb _builder_version=\u00a0\u00bb4.15&Prime; custom_padding=\u00a0\u00bb8px|0px|0|0px|false|false\u00a0\u00bb global_colors_info=\u00a0\u00bb{}\u00a0\u00bb][et_pb_row column_structure=\u00a0\u00bb1_2,1_2&Prime; custom_padding_last_edited=\u00a0\u00bbon|phone\u00a0\u00bb padding_left_right_link_1=\u00a0\u00bbfalse\u00a0\u00bb _builder_version=\u00a0\u00bb4.15&Prime; background_color=\u00a0\u00bb#1a2545&Prime; custom_padding=\u00a0\u00bb60px|40px|60px|40px|true|true\u00a0\u00bb custom_padding_tablet=\u00a0\u00bb\u00a0\u00bb custom_padding_phone=\u00a0\u00bb|20px||20px||true\u00a0\u00bb global_colors_info=\u00a0\u00bb{}\u00a0\u00bb][et_pb_column type=\u00a0\u00bb1_2&Prime; _builder_version=\u00a0\u00bb4.15&Prime; custom_padding=\u00a0\u00bb|||\u00a0\u00bb global_colors_info=\u00a0\u00bb{}\u00a0\u00bb custom_padding__hover=\u00a0\u00bb|||\u00a0\u00bb][et_pb_text _builder_version=\u00a0\u00bb4.15.1&Prime; text_font=\u00a0\u00bb||||||||\u00a0\u00bb header_font=\u00a0\u00bb||||||||\u00a0\u00bb header_2_font_size=\u00a0\u00bb36px\u00a0\u00bb header_3_font=\u00a0\u00bbMontserrat|300|||||||\u00a0\u00bb header_3_font_size=\u00a0\u00bb26px\u00a0\u00bb header_3_line_height=\u00a0\u00bb1.5em\u00a0\u00bb header_4_font=\u00a0\u00bbMontserrat|500||on|||||\u00a0\u00bb header_4_text_color=\u00a0\u00bb#ef6f49&Prime; header_4_font_size=\u00a0\u00bb11px\u00a0\u00bb header_4_letter_spacing=\u00a0\u00bb3px\u00a0\u00bb background_layout=\u00a0\u00bbdark\u00a0\u00bb max_width=\u00a0\u00bb700px\u00a0\u00bb hover_enabled=\u00a0\u00bb0&Prime; locked=\u00a0\u00bboff\u00a0\u00bb global_colors_info=\u00a0\u00bb{}\u00a0\u00bb header_2_font_size__hover=\u00a0\u00bb26px\u00a0\u00bb header_2_font_size__hover_enabled=\u00a0\u00bb26px\u00a0\u00bb header_2_letter_spacing__hover=\u00a0\u00bb0px\u00a0\u00bb header_2_letter_spacing__hover_enabled=\u00a0\u00bb0px\u00a0\u00bb header_2_line_height__hover=\u00a0\u00bb1em\u00a0\u00bb header_2_line_height__hover_enabled=\u00a0\u00bb1em\u00a0\u00bb header_2_text_shadow_style__hover=\u00a0\u00bbnone\u00a0\u00bb header_2_text_shadow_style__hover_enabled=\u00a0\u00bbnone\u00a0\u00bb header_2_text_shadow_color__hover=\u00a0\u00bbrgba(0,0,0,0.4)\u00a0\u00bb header_2_text_shadow_color__hover_enabled=\u00a0\u00bbrgba(0,0,0,0.4)\u00a0\u00bb sticky_enabled=\u00a0\u00bb0&Prime;]<\/p>\n<h2>D\u00e9couvrez notre gamme<\/h2>\n<p>[\/et_pb_text][et_pb_image src=\u00a0\u00bbhttps:\/\/syn-tech.pro\/wp-content\/uploads\/2020\/07\/TotemUp_Web-Light.jpg\u00a0\u00bb title_text=\u00a0\u00bbTotemUp_Web &#8211; Light\u00a0\u00bb _builder_version=\u00a0\u00bb4.15.1&Prime; _module_preset=\u00a0\u00bbdefault\u00a0\u00bb width=\u00a0\u00bb60%\u00a0\u00bb border_width_all=\u00a0\u00bb6px\u00a0\u00bb border_color_all=\u00a0\u00bb#FFFFFF\u00a0\u00bb global_colors_info=\u00a0\u00bb{}\u00a0\u00bb][\/et_pb_image][et_pb_image src=\u00a0\u00bbhttps:\/\/syn-tech.pro\/wp-content\/uploads\/2022\/04\/TU_Side-Light.png\u00a0\u00bb title_text=\u00a0\u00bbTU_Side Light\u00a0\u00bb align=\u00a0\u00bbright\u00a0\u00bb _builder_version=\u00a0\u00bb4.15.1&Prime; _module_preset=\u00a0\u00bbdefault\u00a0\u00bb width=\u00a0\u00bb60%\u00a0\u00bb border_width_all=\u00a0\u00bb6px\u00a0\u00bb border_color_all=\u00a0\u00bb#FFFFFF\u00a0\u00bb global_colors_info=\u00a0\u00bb{}\u00a0\u00bb][\/et_pb_image][\/et_pb_column][et_pb_column type=\u00a0\u00bb1_2&Prime; _builder_version=\u00a0\u00bb4.15&Prime; custom_padding=\u00a0\u00bb|||\u00a0\u00bb global_colors_info=\u00a0\u00bb{}\u00a0\u00bb custom_padding__hover=\u00a0\u00bb|||\u00a0\u00bb][et_pb_text _builder_version=\u00a0\u00bb4.15.1&Prime; text_font=\u00a0\u00bb||||||||\u00a0\u00bb text_line_height=\u00a0\u00bb2em\u00a0\u00bb background_layout=\u00a0\u00bbdark\u00a0\u00bb locked=\u00a0\u00bboff\u00a0\u00bb global_colors_info=\u00a0\u00bb{}\u00a0\u00bb]<\/p>\n<div class=\"flex-1 overflow-hidden\">\n<div class=\"react-scroll-to-bottom--css-wqdub-79elbk h-full dark:bg-gray-800\">\n<div class=\"react-scroll-to-bottom--css-wqdub-1n7m0yu\">\n<div class=\"flex flex-col text-sm dark:bg-gray-800\">\n<div class=\"group w-full text-gray-800 dark:text-gray-100 border-b border-black\/10 dark:border-gray-900\/50 bg-gray-50 dark:bg-[#444654]\">\n<div class=\"flex p-4 gap-4 text-base md:gap-6 md:max-w-2xl lg:max-w-xl xl:max-w-3xl md:py-6 lg:px-0 m-auto\">\n<div class=\"relative flex w-[calc(100%-50px)] flex-col gap-1 md:gap-3 lg:w-[calc(100%-115px)]\">\n<div class=\"flex flex-grow flex-col gap-3\">\n<div class=\"min-h-[20px] flex flex-col items-start gap-4 whitespace-pre-wrap break-words\">\n<div class=\"markdown prose w-full break-words dark:prose-invert dark\">\n<p>D\u00e9couvrez notre gamme de pinces de levage, l&rsquo;ultime solution pour soulever des charges avec aisance et s\u00e9curit\u00e9 ! Que vous soyez dans le domaine de la construction, de la r\u00e9novation ou am\u00e9nagements ext\u00e9rieurs, nos pinces simples et r\u00e9volutionnaires vous permettront d&rsquo;accomplir des t\u00e2ches autrefois ardues avec une facilit\u00e9 d\u00e9concertante<\/p>\n<p>Imaginez pouvoir transporter et poser des objets lourds en pierre ou en b\u00e9ton en un instant, sans effort physique excessif<\/p>\n<p>Nos pinces de levage ont \u00e9t\u00e9 sp\u00e9cialement con\u00e7ues pour s&rsquo;adapter \u00e0 une vari\u00e9t\u00e9 de mat\u00e9riaux et de formes, vous offrant une flexibilit\u00e9 in\u00e9gal\u00e9e<\/p>\n<p>Vous pouvez travailler en toute confiance, en sachant que vous disposez d&rsquo;un outil performant et fiable<\/p>\n<p>Alors, \u00eates-vous pr\u00eat \u00e0 r\u00e9volutionner votre mani\u00e8re de soulever des charges ? Explorez d\u00e8s maintenant notre gamme de pinces de levage et laissez-vous s\u00e9duire par leur puissance, leur polyvalence et leur s\u00e9curit\u00e9<\/p>\n<\/div>\n<\/div>\n<\/div>\n<\/div>\n<\/div>\n<\/div>\n<\/div>\n<\/div>\n<\/div>\n<\/div>\n<p>[\/et_pb_text][\/et_pb_column][\/et_pb_row][et_pb_row padding_left_right_link_1=\u00a0\u00bbfalse\u00a0\u00bb _builder_version=\u00a0\u00bb4.15&Prime; custom_padding=\u00a0\u00bb0|40px||40px|false|true\u00a0\u00bb global_colors_info=\u00a0\u00bb{}\u00a0\u00bb][et_pb_column type=\u00a0\u00bb4_4&Prime; _builder_version=\u00a0\u00bb4.15&Prime; custom_padding=\u00a0\u00bb|||\u00a0\u00bb global_colors_info=\u00a0\u00bb{}\u00a0\u00bb custom_padding__hover=\u00a0\u00bb|||\u00a0\u00bb][et_pb_button button_url=\u00a0\u00bbhttps:\/\/syn-tech.pro\/?page_id=860&Prime; button_text=\u00a0\u00bbEn savoir plus\u00a0\u00bb button_alignment=\u00a0\u00bbright\u00a0\u00bb _builder_version=\u00a0\u00bb4.15.1&Prime; custom_button=\u00a0\u00bbon\u00a0\u00bb button_text_size=\u00a0\u00bb13px\u00a0\u00bb button_text_color=\u00a0\u00bb#ffffff\u00a0\u00bb button_bg_color=\u00a0\u00bb#ef6f49&Prime; button_border_width=\u00a0\u00bb0px\u00a0\u00bb button_border_radius=\u00a0\u00bb0px\u00a0\u00bb button_letter_spacing=\u00a0\u00bb2px\u00a0\u00bb button_font=\u00a0\u00bbMontserrat|600||on|||||\u00a0\u00bb button_use_icon=\u00a0\u00bboff\u00a0\u00bb custom_margin=\u00a0\u00bb-18px||\u00a0\u00bb custom_padding=\u00a0\u00bb12px|24px|12px|24px|true|true\u00a0\u00bb global_colors_info=\u00a0\u00bb{}\u00a0\u00bb button_bg_color__hover=\u00a0\u00bb#d64228&Prime; button_bg_color__hover_enabled=\u00a0\u00bbon\u00a0\u00bb][\/et_pb_button][\/et_pb_column][\/et_pb_row][\/et_pb_section]<\/p>\n","protected":false},"excerpt":{"rendered":"<p>Nos OutilsD\u00e9couvrez nos outils innovants, con\u00e7us avec passion et cr\u00e9ativit\u00e9 pour r\u00e9pondre aux besoins des entrepreneurs d\u2019aujourd\u2019hui. Nous d\u00e9veloppons des solutions simples et robustes, pens\u00e9es pour faciliter votre travail et vous faire gagner un temps pr\u00e9cieux en toute s\u00e9curit\u00e9 Notre exp\u00e9rience nous am\u00e8ne \u00e0 comprendre les d\u00e9fis auxquels vous \u00eates confront\u00e9s en tant qu\u2019entrepreneur et [&hellip;]<\/p>\n","protected":false},"author":1,"featured_media":0,"parent":0,"menu_order":0,"comment_status":"closed","ping_status":"closed","template":"","meta":{"_et_pb_use_builder":"on","_et_pb_old_content":"","_et_gb_content_width":"","footnotes":""},"_links":{"self":[{"href":"https:\/\/dev.syn-tech.pro\/index.php?rest_route=\/wp\/v2\/pages\/261"}],"collection":[{"href":"https:\/\/dev.syn-tech.pro\/index.php?rest_route=\/wp\/v2\/pages"}],"about":[{"href":"https:\/\/dev.syn-tech.pro\/index.php?rest_route=\/wp\/v2\/types\/page"}],"author":[{"embeddable":true,"href":"https:\/\/dev.syn-tech.pro\/index.php?rest_route=\/wp\/v2\/users\/1"}],"replies":[{"embeddable":true,"href":"https:\/\/dev.syn-tech.pro\/index.php?rest_route=%2Fwp%2Fv2%2Fcomments&post=261"}],"version-history":[{"count":49,"href":"https:\/\/dev.syn-tech.pro\/index.php?rest_route=\/wp\/v2\/pages\/261\/revisions"}],"predecessor-version":[{"id":933,"href":"https:\/\/dev.syn-tech.pro\/index.php?rest_route=\/wp\/v2\/pages\/261\/revisions\/933"}],"wp:attachment":[{"href":"https:\/\/dev.syn-tech.pro\/index.php?rest_route=%2Fwp%2Fv2%2Fmedia&parent=261"}],"curies":[{"name":"wp","href":"https:\/\/api.w.org\/{rel}","templated":true}]}}