{"id":902,"date":"2023-05-22T16:36:38","date_gmt":"2023-05-22T16:36:38","guid":{"rendered":"https:\/\/syn-tech.pro\/?page_id=902"},"modified":"2024-01-11T21:11:07","modified_gmt":"2024-01-11T21:11:07","slug":"vos_idees","status":"publish","type":"page","link":"https:\/\/dev.syn-tech.pro\/?page_id=902","title":{"rendered":"Vos_Idees"},"content":{"rendered":"<p>[et_pb_section fb_built=\u00a0\u00bb1&Prime; admin_label=\u00a0\u00bbHeader\u00a0\u00bb _builder_version=\u00a0\u00bb4.15&Prime; use_background_color_gradient=\u00a0\u00bbon\u00a0\u00bb background_color_gradient_start=\u00a0\u00bbrgba(210,218,228,0.38)\u00a0\u00bb background_color_gradient_end=\u00a0\u00bb#ffffff\u00a0\u00bb background_color_gradient_direction=\u00a0\u00bb90deg\u00a0\u00bb background_color_gradient_start_position=\u00a0\u00bb45%\u00a0\u00bb background_color_gradient_end_position=\u00a0\u00bb45%\u00a0\u00bb custom_margin=\u00a0\u00bb||-155vw|||\u00a0\u00bb custom_padding=\u00a0\u00bb54px|0px|0|0px|false|false\u00a0\u00bb global_colors_info=\u00a0\u00bb{}\u00a0\u00bb][et_pb_row column_structure=\u00a0\u00bb1_2,1_2&Prime; _builder_version=\u00a0\u00bb4.15&Prime; max_width=\u00a0\u00bb1280px\u00a0\u00bb custom_padding=\u00a0\u00bb27px|0px|0|0px|false|false\u00a0\u00bb use_custom_width=\u00a0\u00bbon\u00a0\u00bb custom_width_px=\u00a0\u00bb1280px\u00a0\u00bb global_colors_info=\u00a0\u00bb{}\u00a0\u00bb][et_pb_column type=\u00a0\u00bb1_2&Prime; _builder_version=\u00a0\u00bb4.15&Prime; custom_padding=\u00a0\u00bb|||\u00a0\u00bb global_colors_info=\u00a0\u00bb{}\u00a0\u00bb custom_padding__hover=\u00a0\u00bb|||\u00a0\u00bb][et_pb_image src=\u00a0\u00bbhttps:\/\/syn-tech.pro\/wp-content\/uploads\/2023\/05\/1683088650593.jpeg\u00a0\u00bb title_text=\u00a0\u00bb1683088650593&Prime; align_tablet=\u00a0\u00bbcenter\u00a0\u00bb align_phone=\u00a0\u00bbcenter\u00a0\u00bb align_last_edited=\u00a0\u00bbon|desktop\u00a0\u00bb _builder_version=\u00a0\u00bb4.15.1&Prime; max_width_tablet=\u00a0\u00bb400px\u00a0\u00bb max_width_phone=\u00a0\u00bb200px\u00a0\u00bb max_width_last_edited=\u00a0\u00bbon|phone\u00a0\u00bb module_alignment=\u00a0\u00bbleft\u00a0\u00bb custom_margin=\u00a0\u00bb||-14vw|\u00a0\u00bb custom_margin_tablet=\u00a0\u00bb||0vw|\u00a0\u00bb custom_margin_phone=\u00a0\u00bb\u00a0\u00bb custom_margin_last_edited=\u00a0\u00bbon|tablet\u00a0\u00bb animation_style=\u00a0\u00bbslide\u00a0\u00bb animation_direction=\u00a0\u00bbleft\u00a0\u00bb animation_intensity_slide=\u00a0\u00bb2%\u00a0\u00bb global_colors_info=\u00a0\u00bb{}\u00a0\u00bb][\/et_pb_image][\/et_pb_column][et_pb_column type=\u00a0\u00bb1_2&Prime; _builder_version=\u00a0\u00bb4.15&Prime; custom_padding=\u00a0\u00bb|||\u00a0\u00bb global_colors_info=\u00a0\u00bb{}\u00a0\u00bb custom_padding__hover=\u00a0\u00bb|||\u00a0\u00bb][et_pb_text _builder_version=\u00a0\u00bb4.15.1&Prime; text_font=\u00a0\u00bb||||||||\u00a0\u00bb header_font=\u00a0\u00bbMontserrat|300|||||||\u00a0\u00bb header_font_size=\u00a0\u00bb70px\u00a0\u00bb header_line_height=\u00a0\u00bb1.3em\u00a0\u00bb hover_enabled=\u00a0\u00bb0&Prime; header_font_size_tablet=\u00a0\u00bb50px\u00a0\u00bb header_font_size_phone=\u00a0\u00bb40px\u00a0\u00bb header_font_size_last_edited=\u00a0\u00bbon|phone\u00a0\u00bb global_colors_info=\u00a0\u00bb{}\u00a0\u00bb sticky_enabled=\u00a0\u00bb0&Prime;]<\/p>\n<h1>Impression 3D<\/h1>\n<p>[\/et_pb_text][et_pb_text _builder_version=\u00a0\u00bb4.15.1&Prime; text_font=\u00a0\u00bb||||||||\u00a0\u00bb text_font_size=\u00a0\u00bb16px\u00a0\u00bb text_line_height=\u00a0\u00bb2.2em\u00a0\u00bb global_colors_info=\u00a0\u00bb{}\u00a0\u00bb]<\/p>\n<p><span>Nous sommes dot\u00e9s des comp\u00e9tences n\u00e9cessaires pour transformer vos id\u00e9es en r\u00e9alisations concr\u00e8tes, en prenant en compte vos objectifs et vos exigences<\/span><\/p>\n<p>La mod\u00e9lisation est au c\u0153ur de notre expertise. Gr\u00e2ce \u00e0 notre exp\u00e9rience, nous sommes en mesure de cr\u00e9er des mod\u00e8les 3D pr\u00e9cis et d\u00e9taill\u00e9s pour une vari\u00e9t\u00e9 d&rsquo;applications. Que ce soit pour concevoir des produits innovants, simuler des environnements complexes ou visualiser des concepts, nous ma\u00eetrisons les techniques de mod\u00e9lisation les plus avanc\u00e9es pour donner vie \u00e0 vos id\u00e9es.<\/p>\n<p>Dans le domaine de la CAO (Conception Assist\u00e9e par Ordinateur) et de la DAO (Dessin Assist\u00e9 par Ordinateur), nous excellons. Nous utilisons des logiciels de pointe pour r\u00e9aliser des conceptions techniques et des plans d&rsquo;ing\u00e9nierie pr\u00e9cis. Que vous ayez besoin de dessins 2D d\u00e9taill\u00e9s ou de mod\u00e8les 3D complexes, nous sommes en mesure de fournir des solutions adapt\u00e9es \u00e0 vos besoins sp\u00e9cifiques<\/p>\n<p>L&rsquo;impression 3D est une technologie r\u00e9volutionnaire. Gr\u00e2ce \u00e0 notre expertise en mod\u00e9lisation nous pouvons transformer vos conceptions virtuelles en objets tangibles. Notre capacit\u00e9 \u00e0 utiliser une large gamme de mat\u00e9riaux et de techniques d&rsquo;impression 3D nous permet de cr\u00e9er des prototypes, des maquettes et m\u00eame des pi\u00e8ces finales avec une grande pr\u00e9cision et une qualit\u00e9 exceptionnelle<\/p>\n<p>La gestion de projet est \u00e9galement une force majeure de notre entreprise. Nous comprenons l&rsquo;importance de livrer des projets dans les d\u00e9lais et selon les sp\u00e9cifications convenues. Notre \u00e9quipe exp\u00e9riment\u00e9e en gestion de projet suit une approche m\u00e9thodique pour assurer le suivi de chaque \u00e9tape, de la conception initiale \u00e0 la r\u00e9alisation finale. Nous sommes l\u00e0 pour vous accompagner tout au long du processus, en vous tenant inform\u00e9 de l&rsquo;avancement du projet et en garantissant la satisfaction de vos attentes<\/p>\n<p>Chez Syn-Tech, nous nous engageons \u00e0 fournir des services de qualit\u00e9 sup\u00e9rieure \u00e0 nos clients. Notre \u00e9quipe passionn\u00e9e et comp\u00e9tente est pr\u00eate \u00e0 relever les d\u00e9fis les plus complexes et \u00e0 transformer vos id\u00e9es en r\u00e9alit\u00e9. Faites-nous confiance pour vos besoins en mod\u00e9lisation, CAO, DAO, impression 3D et gestion de projet, et d\u00e9couvrez comment nous pouvons vous aider \u00e0 atteindre vos objectifs avec succ\u00e8s<\/p>\n<p>[\/et_pb_text][\/et_pb_column][\/et_pb_row][\/et_pb_section][et_pb_section fb_built=\u00a0\u00bb1&Prime; _builder_version=\u00a0\u00bb4.15&Prime; global_colors_info=\u00a0\u00bb{}\u00a0\u00bb][et_pb_row _builder_version=\u00a0\u00bb4.15&Prime; global_colors_info=\u00a0\u00bb{}\u00a0\u00bb][et_pb_column type=\u00a0\u00bb4_4&Prime; _builder_version=\u00a0\u00bb4.15&Prime; custom_padding=\u00a0\u00bb|||\u00a0\u00bb global_colors_info=\u00a0\u00bb{}\u00a0\u00bb custom_padding__hover=\u00a0\u00bb|||\u00a0\u00bb][\/et_pb_column][\/et_pb_row][\/et_pb_section]<\/p>\n","protected":false},"excerpt":{"rendered":"<p>Impression 3DNous sommes dot\u00e9s des comp\u00e9tences n\u00e9cessaires pour transformer vos id\u00e9es en r\u00e9alisations concr\u00e8tes, en prenant en compte vos objectifs et vos exigences La mod\u00e9lisation est au c\u0153ur de notre expertise. Gr\u00e2ce \u00e0 notre exp\u00e9rience, nous sommes en mesure de cr\u00e9er des mod\u00e8les 3D pr\u00e9cis et d\u00e9taill\u00e9s pour une vari\u00e9t\u00e9 d&rsquo;applications. Que ce soit pour [&hellip;]<\/p>\n","protected":false},"author":1,"featured_media":0,"parent":0,"menu_order":0,"comment_status":"closed","ping_status":"closed","template":"","meta":{"_et_pb_use_builder":"on","_et_pb_old_content":"","_et_gb_content_width":"","footnotes":""},"_links":{"self":[{"href":"https:\/\/dev.syn-tech.pro\/index.php?rest_route=\/wp\/v2\/pages\/902"}],"collection":[{"href":"https:\/\/dev.syn-tech.pro\/index.php?rest_route=\/wp\/v2\/pages"}],"about":[{"href":"https:\/\/dev.syn-tech.pro\/index.php?rest_route=\/wp\/v2\/types\/page"}],"author":[{"embeddable":true,"href":"https:\/\/dev.syn-tech.pro\/index.php?rest_route=\/wp\/v2\/users\/1"}],"replies":[{"embeddable":true,"href":"https:\/\/dev.syn-tech.pro\/index.php?rest_route=%2Fwp%2Fv2%2Fcomments&post=902"}],"version-history":[{"count":3,"href":"https:\/\/dev.syn-tech.pro\/index.php?rest_route=\/wp\/v2\/pages\/902\/revisions"}],"predecessor-version":[{"id":1171,"href":"https:\/\/dev.syn-tech.pro\/index.php?rest_route=\/wp\/v2\/pages\/902\/revisions\/1171"}],"wp:attachment":[{"href":"https:\/\/dev.syn-tech.pro\/index.php?rest_route=%2Fwp%2Fv2%2Fmedia&parent=902"}],"curies":[{"name":"wp","href":"https:\/\/api.w.org\/{rel}","templated":true}]}}